{"id":200,"date":"2019-10-02T08:52:21","date_gmt":"2019-10-02T08:52:21","guid":{"rendered":"http:\/\/catclinic.ee\/?page_id=200"},"modified":"2025-04-25T05:24:43","modified_gmt":"2025-04-25T05:24:43","slug":"kontakt","status":"publish","type":"page","link":"https:\/\/catclinic.ee\/ru\/kontakt\/","title":{"rendered":"\u041a\u043e\u043d\u0442\u0430\u043a\u0442"},"content":{"rendered":"<div class=\"wp-block-group\"><div class=\"wp-block-group__inner-container is-layout-constrained wp-block-group-is-layout-constrained\">\n<p><iframe loading=\"lazy\" style=\"border: 0;\" src=\"https:\/\/www.google.com\/maps\/embed?pb=!1m18!1m12!1m3!1d2030.231920047576!2d24.73927907672099!3d59.41252620435886!2m3!1f0!2f0!3f0!3m2!1i1024!2i768!4f13.1!3m3!1m2!1s0x469294bf5da5aae7%3A0x5cc847ab38b16c6f!2sKiisa%2012%2C%2011313%20Tallinn%2C%20Estonia!5e0!3m2!1sen!2shr!4v1718720232279!5m2!1sen!2shr\" width=\"450\" height=\"300\" allowfullscreen=\"allowfullscreen\"><\/iframe><\/p>\n<p><\/p>\n<p><strong>NB! \u041d\u0430\u0448 \u043d\u043e\u0432\u044b\u0439 \u0430\u0434\u0440\u0435\u0441:<\/strong><\/p>\n<p><\/p>\n<p><\/p>\n<p>Kiisa 12, \u0422\u0430\u043b\u043b\u0438\u043d\u043d, 11313<\/p>\n<p><\/p>\n<p><\/p>\n<p><strong>\u0412\u0440\u0435\u043c\u044f \u0440\u0430\u0431\u043e\u0442\u044b:<\/strong><\/p>\n<p><\/p>\n<p><\/p>\n<p>\u041f\u043d-\u041f\u0442: 9.00-17.00<br \/>\u0421\u0431, \u0412\u0441: \u0437\u0430\u043a\u0440\u044b\u0442\u043e<\/p>\n<p><\/p>\n<p><\/p>\n<p><strong>\u0418\u043d\u0444\u043e\u0440\u043c\u0430\u0446\u0438\u044f \u0438 \u0440\u0435\u0433\u0438\u0441\u0442\u0440\u0430\u0446\u0438\u044f:<\/strong><\/p>\n<p><\/p>\n<p><\/p>\n<p>Email: info@catclinic.ee<br \/>\u041d\u043e\u043c\u0435\u0440 \u0442\u0435\u043b\u0435\u0444\u043e\u043d\u0430: +372 5133504<\/p>\n<p><strong>\u041f\u0430\u0440\u043a\u043e\u0432\u043a\u0430 (\u0437\u043e\u043d\u0430 EP322)<\/strong><\/p>\n<p>Parkimiskellaga 15 min tasuta<br \/>30 min\/0.50 eur<\/p>\n<p><\/p>\n<\/div><\/div>","protected":false},"excerpt":{"rendered":"<p>NB! Meie uus aadress: Kiisa 12, Tallinn, 11313 Lahtiolekuajad: E-R: 9.00-17.00L,P: suletud Info ja registreerimine: Email: info@catclinic.eeMobiiltelefon: +372 5133504 Parkimine (tsoon EP322): Parkimiskellaga 15 min tasuta30 min\/0.50 eur<\/p>","protected":false},"author":1,"featured_media":0,"parent":0,"menu_order":0,"comment_status":"closed","ping_status":"closed","template":"","meta":{"_monsterinsights_skip_tracking":false,"_monsterinsights_sitenote_active":false,"_monsterinsights_sitenote_note":"","_monsterinsights_sitenote_category":0,"footnotes":""},"class_list":["post-200","page","type-page","status-publish","hentry"],"yoast_head":"<!-- This site is optimized with the Yoast SEO plugin v27.0 - https:\/\/yoast.com\/product\/yoast-seo-wordpress\/ -->\n<title>Kontakt - Esimene veterinaariakliinik ainult Kassidele - info@catclinic.ee<\/title>\n<meta name=\"description\" content=\"Kontakt: info@catclinic.ee v\u00f5i helista +372 5133504. Kliiniku klientidele parkimine tasuta (\u00dchisteenused AS). K\u00fcsige parklakaart registratuurist.\" \/>\n<meta name=\"robots\" content=\"index, follow, max-snippet:-1, max-image-preview:large, max-video-preview:-1\" \/>\n<link rel=\"canonical\" href=\"https:\/\/catclinic.ee\/ru\/kontakt\/\" \/>\n<meta property=\"og:locale\" content=\"ru_RU\" \/>\n<meta property=\"og:type\" content=\"article\" \/>\n<meta property=\"og:title\" content=\"Kontakt - Esimene veterinaariakliinik ainult Kassidele - info@catclinic.ee\" \/>\n<meta property=\"og:description\" content=\"Kontakt: info@catclinic.ee v\u00f5i helista +372 5133504. Kliiniku klientidele parkimine tasuta (\u00dchisteenused AS). K\u00fcsige parklakaart registratuurist.\" \/>\n<meta property=\"og:url\" content=\"https:\/\/catclinic.ee\/ru\/kontakt\/\" \/>\n<meta property=\"og:site_name\" content=\"Loomakliinik Tallinnas\" \/>\n<meta property=\"article:modified_time\" content=\"2025-04-25T05:24:43+00:00\" \/>\n<meta name=\"twitter:card\" content=\"summary_large_image\" \/>\n<meta name=\"twitter:label1\" content=\"\u041f\u0440\u0438\u043c\u0435\u0440\u043d\u043e\u0435 \u0432\u0440\u0435\u043c\u044f \u0434\u043b\u044f \u0447\u0442\u0435\u043d\u0438\u044f\" \/>\n\t<meta name=\"twitter:data1\" content=\"1 \u043c\u0438\u043d\u0443\u0442\u0430\" \/>\n<script type=\"application\/ld+json\" class=\"yoast-schema-graph\">{\"@context\":\"https:\/\/schema.org\",\"@graph\":[{\"@type\":\"WebPage\",\"@id\":\"https:\/\/catclinic.ee\/ru\/kontakt\/\",\"url\":\"https:\/\/catclinic.ee\/ru\/kontakt\/\",\"name\":\"Kontakt - Esimene veterinaariakliinik ainult Kassidele - info@catclinic.ee\",\"isPartOf\":{\"@id\":\"https:\/\/catclinic.ee\/#website\"},\"datePublished\":\"2019-10-02T08:52:21+00:00\",\"dateModified\":\"2025-04-25T05:24:43+00:00\",\"description\":\"Kontakt: info@catclinic.ee v\u00f5i helista +372 5133504. Kliiniku klientidele parkimine tasuta (\u00dchisteenused AS). K\u00fcsige parklakaart registratuurist.\",\"breadcrumb\":{\"@id\":\"https:\/\/catclinic.ee\/ru\/kontakt\/#breadcrumb\"},\"inLanguage\":\"ru-RU\",\"potentialAction\":[{\"@type\":\"ReadAction\",\"target\":[\"https:\/\/catclinic.ee\/ru\/kontakt\/\"]}]},{\"@type\":\"BreadcrumbList\",\"@id\":\"https:\/\/catclinic.ee\/ru\/kontakt\/#breadcrumb\",\"itemListElement\":[{\"@type\":\"ListItem\",\"position\":1,\"name\":\"Home\",\"item\":\"https:\/\/catclinic.ee\/\"},{\"@type\":\"ListItem\",\"position\":2,\"name\":\"Kontakt\"}]},{\"@type\":\"WebSite\",\"@id\":\"https:\/\/catclinic.ee\/#website\",\"url\":\"https:\/\/catclinic.ee\/\",\"name\":\"Loomakliinik Tallinnas\",\"description\":\"Kassikliinik\",\"potentialAction\":[{\"@type\":\"SearchAction\",\"target\":{\"@type\":\"EntryPoint\",\"urlTemplate\":\"https:\/\/catclinic.ee\/?s={search_term_string}\"},\"query-input\":{\"@type\":\"PropertyValueSpecification\",\"valueRequired\":true,\"valueName\":\"search_term_string\"}}],\"inLanguage\":\"ru-RU\"}]}<\/script>\n<!-- \/ Yoast SEO plugin. -->","yoast_head_json":{"title":"Kontakt - Esimene veterinaariakliinik ainult Kassidele - info@catclinic.ee","description":"Kontakt: info@catclinic.ee v\u00f5i helista +372 5133504. Kliiniku klientidele parkimine tasuta (\u00dchisteenused AS). K\u00fcsige parklakaart registratuurist.","robots":{"index":"index","follow":"follow","max-snippet":"max-snippet:-1","max-image-preview":"max-image-preview:large","max-video-preview":"max-video-preview:-1"},"canonical":"https:\/\/catclinic.ee\/ru\/kontakt\/","og_locale":"ru_RU","og_type":"article","og_title":"Kontakt - Esimene veterinaariakliinik ainult Kassidele - info@catclinic.ee","og_description":"Kontakt: info@catclinic.ee v\u00f5i helista +372 5133504. Kliiniku klientidele parkimine tasuta (\u00dchisteenused AS). K\u00fcsige parklakaart registratuurist.","og_url":"https:\/\/catclinic.ee\/ru\/kontakt\/","og_site_name":"Loomakliinik Tallinnas","article_modified_time":"2025-04-25T05:24:43+00:00","twitter_card":"summary_large_image","twitter_misc":{"\u041f\u0440\u0438\u043c\u0435\u0440\u043d\u043e\u0435 \u0432\u0440\u0435\u043c\u044f \u0434\u043b\u044f \u0447\u0442\u0435\u043d\u0438\u044f":"1 \u043c\u0438\u043d\u0443\u0442\u0430"},"schema":{"@context":"https:\/\/schema.org","@graph":[{"@type":"WebPage","@id":"https:\/\/catclinic.ee\/ru\/kontakt\/","url":"https:\/\/catclinic.ee\/ru\/kontakt\/","name":"Kontakt - Esimene veterinaariakliinik ainult Kassidele - info@catclinic.ee","isPartOf":{"@id":"https:\/\/catclinic.ee\/#website"},"datePublished":"2019-10-02T08:52:21+00:00","dateModified":"2025-04-25T05:24:43+00:00","description":"Kontakt: info@catclinic.ee v\u00f5i helista +372 5133504. Kliiniku klientidele parkimine tasuta (\u00dchisteenused AS). K\u00fcsige parklakaart registratuurist.","breadcrumb":{"@id":"https:\/\/catclinic.ee\/ru\/kontakt\/#breadcrumb"},"inLanguage":"ru-RU","potentialAction":[{"@type":"ReadAction","target":["https:\/\/catclinic.ee\/ru\/kontakt\/"]}]},{"@type":"BreadcrumbList","@id":"https:\/\/catclinic.ee\/ru\/kontakt\/#breadcrumb","itemListElement":[{"@type":"ListItem","position":1,"name":"Home","item":"https:\/\/catclinic.ee\/"},{"@type":"ListItem","position":2,"name":"Kontakt"}]},{"@type":"WebSite","@id":"https:\/\/catclinic.ee\/#website","url":"https:\/\/catclinic.ee\/","name":"Loomakliinik Tallinnas","description":"Kassikliinik","potentialAction":[{"@type":"SearchAction","target":{"@type":"EntryPoint","urlTemplate":"https:\/\/catclinic.ee\/?s={search_term_string}"},"query-input":{"@type":"PropertyValueSpecification","valueRequired":true,"valueName":"search_term_string"}}],"inLanguage":"ru-RU"}]}},"jetpack_sharing_enabled":true,"_links":{"self":[{"href":"https:\/\/catclinic.ee\/ru\/wp-json\/wp\/v2\/pages\/200","targetHints":{"allow":["GET"]}}],"collection":[{"href":"https:\/\/catclinic.ee\/ru\/wp-json\/wp\/v2\/pages"}],"about":[{"href":"https:\/\/catclinic.ee\/ru\/wp-json\/wp\/v2\/types\/page"}],"author":[{"embeddable":true,"href":"https:\/\/catclinic.ee\/ru\/wp-json\/wp\/v2\/users\/1"}],"replies":[{"embeddable":true,"href":"https:\/\/catclinic.ee\/ru\/wp-json\/wp\/v2\/comments?post=200"}],"version-history":[{"count":5,"href":"https:\/\/catclinic.ee\/ru\/wp-json\/wp\/v2\/pages\/200\/revisions"}],"predecessor-version":[{"id":514,"href":"https:\/\/catclinic.ee\/ru\/wp-json\/wp\/v2\/pages\/200\/revisions\/514"}],"wp:attachment":[{"href":"https:\/\/catclinic.ee\/ru\/wp-json\/wp\/v2\/media?parent=200"}],"curies":[{"name":"wp","href":"https:\/\/api.w.org\/{rel}","templated":true}]}}