{"id":297,"date":"2019-10-03T15:49:35","date_gmt":"2019-10-03T15:49:35","guid":{"rendered":"http:\/\/catclinic.ee\/?page_id=297"},"modified":"2026-02-19T13:53:25","modified_gmt":"2026-02-19T13:53:25","slug":"hinnakiri","status":"publish","type":"page","link":"https:\/\/catclinic.ee\/ru\/hinnakiri\/","title":{"rendered":"\u0426\u0435\u043d\u044b"},"content":{"rendered":"<style>\ntable.blueTable {\n \n  width: 100%;\n  text-align: center;\n  border-collapse: collapse;\n  margin-bottom: 20px;\n}\ntable.blueTable td, table.blueTable th {\n  border: 0px solid #AAAAAA;\n  padding: 10px 2px;\n}\ntable.blueTable tbody td {\n  font-size: 17px;\n}\ntable.blueTable tr:nth-child(even) {\n  background: #FED136;\n}\ntable.blueTable tfoot td {\n  font-size: 14px;\n}\ntable.blueTable tfoot .links {\n  text-align: right;\n}\ntable.blueTable tfoot .links a{\n  display: inline-block;\n  background: #1C6EA4;\n  color: #FFFFFF;\n  padding: 2px 8px;\n  border-radius: 5px;\n}\n<\/style>\n<table class=\"blueTable\">\n<tbody>\n<tr>\n<td>\u0412\u0438\u0437\u0438\u0442<\/td><td>36<\/td><\/tr>\n<tr>\n<td>*\u0412 \u0441\u043b\u0443\u0447\u0430\u0435 \u0432\u0438\u0437\u0438\u0442\u0430 \u0441 \u043d\u0435\u0441\u043a\u043e\u043b\u044c\u043a\u0438\u043c\u0438 \u043a\u043e\u0448\u043a\u0430\u043c\u0438 \u0434\u043e\u0431\u0430\u0432\u043b\u044f\u0435\u0442\u0441\u044f \u0437\u0430 \u043a\u0430\u0436\u0434\u0443\u044e \u043a\u043e\u0448\u043a\u0443<\/td><td>15<\/td><\/tr>\n<tr>\n<td>\u0412\u0438\u0437\u0438\u0442 \u0431\u0435\u0437 \u0437\u0430\u043f\u0438\u0441\u0438<\/td><td>51<\/td><\/tr>\n<tr>\n<td>\u041f\u043e\u0432\u0442\u043e\u0440\u043d\u044b\u0439 \u0432\u0438\u0437\u0438\u0442*<\/td><td>26<\/td><\/tr>\n<tr>\n<td>Online konsultatsioon<\/td><td>20<\/td><\/tr>\n<tr>\n<td>\u0421\u0442\u0440\u0438\u0436\u043a\u0430 \u043a\u043e\u0433\u0442\u0435\u0439<\/td><td>15.50<\/td><\/tr>\n<tr>\n<td>\u0427\u0438\u043f\u0438\u0440\u043e\u0432\u0430\u043d\u0438\u0435 + \u0440\u0435\u0433\u0438\u0441\u0442\u0440\u0430\u0446\u0438\u044f<\/td><td>20.50<\/td><\/tr>\n<tr>\n<td>\u0412\u0430\u043a\u0446\u0438\u043d\u0430<\/td><td>15<\/td><\/tr>\n<tr>\n<td>\u0420\u0435\u043d\u0442\u0433\u0435\u043d<\/td><td>31<\/td><\/tr>\n<tr>\n<td>*\u041a\u0430\u0436\u0434\u044b\u0439 \u043f\u043e\u0441\u043b\u0435\u0434\u0443\u044e\u0449\u0438\u0439 \u0441\u043d\u0438\u043c\u043e\u043a<\/td><td>16<\/td><\/tr>\n<tr>\n<td>\u0423\u043b\u044c\u0442\u0440\u0430\u0437\u0432\u0443\u043a<\/td><td>56<\/td><\/tr>\n<tr>\n<td>\u0421\u0442\u0435\u0440\u0438\u043b\u0438\u0437\u0430\u0446\u0438\u044f \u043a\u043e\u0448\u043a\u0438<\/td><td>165<\/td><\/tr>\n<tr>\n<td>\u041a\u0430\u0441\u0442\u0440\u0430\u0446\u0438\u044f \u043a\u043e\u0442\u0430<\/td><td>110<\/td><\/tr>\n<\/tbody>\n<\/tr>\n<\/table>\n\n\n\n<p>\u0412 \u0434\u0430\u043d\u043d\u043e\u043c \u0440\u0430\u0437\u0434\u0435\u043b\u0435 \u043f\u0440\u0435\u0434\u0441\u0442\u0430\u0432\u043b\u0435\u043d \u043f\u0440\u0435\u0439\u0441\u043a\u0443\u0440\u0430\u043d\u0442 \u043d\u0430 \u0441\u0430\u043c\u044b\u0435 \u043f\u043e\u043f\u0443\u043b\u044f\u0440\u043d\u044b\u0435 \u0443\u0441\u043b\u0443\u0433\u0438. \u0426\u0435\u043d\u0430\u043c\u0438 \u043d\u0430 \u0434\u0440\u0443\u0433\u0438\u0435 \u043f\u0440\u043e\u0446\u0435\u0434\u0443\u0440\u044b \u043c\u043e\u0436\u043d\u043e \u043f\u043e\u0438\u043d\u0442\u0435\u0440\u0435\u0441\u043e\u0432\u0430\u0442\u044c\u0441\u044f \u043f\u043e \u0442\u0435\u043b\u0435\u0444\u043e\u043d\u0443 \u0440\u0435\u0433\u0438\u0441\u0442\u0440\u0430\u0442\u0443\u0440\u044b +3725133504. \u0421\u0442\u043e\u0438\u043c\u043e\u0441\u0442\u044c \u043b\u0435\u0447\u0435\u043d\u0438\u044f \u043a\u0430\u0436\u0434\u043e\u0433\u043e \u043a\u043e\u043d\u043a\u0440\u0435\u0442\u043d\u043e\u0433\u043e \u0441\u043b\u0443\u0447\u0430\u044f \u043e\u0431\u0433\u043e\u0432\u0430\u0440\u0438\u0432\u0430\u0435\u0442\u0441\u044f \u0441 \u0432\u0440\u0430\u0447\u043e\u043c. <br>Hinnakiri kehtib al 01.07.2025 <br>*\u041f\u043e\u0432\u0442\u043e\u0440\u043d\u044b\u0439 \u0432\u0438\u0437\u0438\u0442 \u044d\u0442\u043e \u043e\u0431\u0440\u0430\u0449\u0435\u043d\u0438\u0435 \u0441 \u0442\u043e\u0439 \u0436\u0435 \u043f\u0440\u043e\u0431\u043b\u0435\u043c\u043e\u0439 \u0437\u0434\u043e\u0440\u043e\u0432\u044c\u044f \u0438\u043b\u0438 \u043f\u043e \u043f\u0440\u0438\u0433\u043b\u0430\u0448\u0435\u043d\u0438\u044e \u0432\u0440\u0430\u0447\u0430<\/p>","protected":false},"excerpt":{"rendered":"<p>Visiiditasu 36 *Mitme kassi puhul (iga j\u00e4rgneva kassi puhul lisandub) 15 Visiiditasu ilma ajata 51 Korduv visiit* 26 Online konsultatsioon 20 K\u00fc\u00fcntel\u00f5ikus 15.50 Mikrokiibi paigaldamine + registreerimine 20.50 Vaktsiin 15 R\u00f6ntgen 31 *Iga j\u00e4rgnev pilt 16 Ultraheli 56 Emase kassi steriliseerimine 165 Isase kassi kastreerimine 110 Antud peat\u00fckis on v\u00e4lja toodud k\u00f5ige populaarsemate teenuste hinnad. [&hellip;]<\/p>\n","protected":false},"author":1,"featured_media":0,"parent":0,"menu_order":0,"comment_status":"closed","ping_status":"closed","template":"","meta":{"_monsterinsights_skip_tracking":false,"_monsterinsights_sitenote_active":false,"_monsterinsights_sitenote_note":"","_monsterinsights_sitenote_category":0,"footnotes":""},"class_list":["post-297","page","type-page","status-publish","hentry"],"yoast_head":"<!-- This site is optimized with the Yoast SEO plugin v27.0 - https:\/\/yoast.com\/product\/yoast-seo-wordpress\/ -->\n<title>Hinnakiri - Esimene veterinaariakliinik ainult Kasslastele.<\/title>\n<meta name=\"description\" content=\"Hinnakiri - siin on v\u00e4lja toodud k\u00f5ige populaarsemate teenuste hinnad. Huvi korral teiste hindadega saab tutvuda registratuuri telefonil +372 5133504.\" \/>\n<meta name=\"robots\" content=\"index, follow, max-snippet:-1, max-image-preview:large, max-video-preview:-1\" \/>\n<link rel=\"canonical\" href=\"https:\/\/catclinic.ee\/ru\/hinnakiri\/\" \/>\n<meta property=\"og:locale\" content=\"ru_RU\" \/>\n<meta property=\"og:type\" content=\"article\" \/>\n<meta property=\"og:title\" content=\"Hinnakiri - Esimene veterinaariakliinik ainult Kasslastele.\" \/>\n<meta property=\"og:description\" content=\"Hinnakiri - siin on v\u00e4lja toodud k\u00f5ige populaarsemate teenuste hinnad. Huvi korral teiste hindadega saab tutvuda registratuuri telefonil +372 5133504.\" \/>\n<meta property=\"og:url\" content=\"https:\/\/catclinic.ee\/ru\/hinnakiri\/\" \/>\n<meta property=\"og:site_name\" content=\"Loomakliinik Tallinnas\" \/>\n<meta property=\"article:modified_time\" content=\"2026-02-19T13:53:25+00:00\" \/>\n<meta name=\"twitter:card\" content=\"summary_large_image\" \/>\n<meta name=\"twitter:label1\" content=\"\u041f\u0440\u0438\u043c\u0435\u0440\u043d\u043e\u0435 \u0432\u0440\u0435\u043c\u044f \u0434\u043b\u044f \u0447\u0442\u0435\u043d\u0438\u044f\" \/>\n\t<meta name=\"twitter:data1\" content=\"1 \u043c\u0438\u043d\u0443\u0442\u0430\" \/>\n<script type=\"application\/ld+json\" class=\"yoast-schema-graph\">{\"@context\":\"https:\/\/schema.org\",\"@graph\":[{\"@type\":\"WebPage\",\"@id\":\"https:\/\/catclinic.ee\/ru\/hinnakiri\/\",\"url\":\"https:\/\/catclinic.ee\/ru\/hinnakiri\/\",\"name\":\"Hinnakiri - Esimene veterinaariakliinik ainult Kasslastele.\",\"isPartOf\":{\"@id\":\"https:\/\/catclinic.ee\/#website\"},\"datePublished\":\"2019-10-03T15:49:35+00:00\",\"dateModified\":\"2026-02-19T13:53:25+00:00\",\"description\":\"Hinnakiri - siin on v\u00e4lja toodud k\u00f5ige populaarsemate teenuste hinnad. Huvi korral teiste hindadega saab tutvuda registratuuri telefonil +372 5133504.\",\"breadcrumb\":{\"@id\":\"https:\/\/catclinic.ee\/ru\/hinnakiri\/#breadcrumb\"},\"inLanguage\":\"ru-RU\",\"potentialAction\":[{\"@type\":\"ReadAction\",\"target\":[\"https:\/\/catclinic.ee\/ru\/hinnakiri\/\"]}]},{\"@type\":\"BreadcrumbList\",\"@id\":\"https:\/\/catclinic.ee\/ru\/hinnakiri\/#breadcrumb\",\"itemListElement\":[{\"@type\":\"ListItem\",\"position\":1,\"name\":\"Home\",\"item\":\"https:\/\/catclinic.ee\/\"},{\"@type\":\"ListItem\",\"position\":2,\"name\":\"Hinnakiri\"}]},{\"@type\":\"WebSite\",\"@id\":\"https:\/\/catclinic.ee\/#website\",\"url\":\"https:\/\/catclinic.ee\/\",\"name\":\"Loomakliinik Tallinnas\",\"description\":\"Kassikliinik\",\"potentialAction\":[{\"@type\":\"SearchAction\",\"target\":{\"@type\":\"EntryPoint\",\"urlTemplate\":\"https:\/\/catclinic.ee\/?s={search_term_string}\"},\"query-input\":{\"@type\":\"PropertyValueSpecification\",\"valueRequired\":true,\"valueName\":\"search_term_string\"}}],\"inLanguage\":\"ru-RU\"}]}<\/script>\n<!-- \/ Yoast SEO plugin. -->","yoast_head_json":{"title":"Hinnakiri - Esimene veterinaariakliinik ainult Kasslastele.","description":"Hinnakiri - siin on v\u00e4lja toodud k\u00f5ige populaarsemate teenuste hinnad. Huvi korral teiste hindadega saab tutvuda registratuuri telefonil +372 5133504.","robots":{"index":"index","follow":"follow","max-snippet":"max-snippet:-1","max-image-preview":"max-image-preview:large","max-video-preview":"max-video-preview:-1"},"canonical":"https:\/\/catclinic.ee\/ru\/hinnakiri\/","og_locale":"ru_RU","og_type":"article","og_title":"Hinnakiri - Esimene veterinaariakliinik ainult Kasslastele.","og_description":"Hinnakiri - siin on v\u00e4lja toodud k\u00f5ige populaarsemate teenuste hinnad. Huvi korral teiste hindadega saab tutvuda registratuuri telefonil +372 5133504.","og_url":"https:\/\/catclinic.ee\/ru\/hinnakiri\/","og_site_name":"Loomakliinik Tallinnas","article_modified_time":"2026-02-19T13:53:25+00:00","twitter_card":"summary_large_image","twitter_misc":{"\u041f\u0440\u0438\u043c\u0435\u0440\u043d\u043e\u0435 \u0432\u0440\u0435\u043c\u044f \u0434\u043b\u044f \u0447\u0442\u0435\u043d\u0438\u044f":"1 \u043c\u0438\u043d\u0443\u0442\u0430"},"schema":{"@context":"https:\/\/schema.org","@graph":[{"@type":"WebPage","@id":"https:\/\/catclinic.ee\/ru\/hinnakiri\/","url":"https:\/\/catclinic.ee\/ru\/hinnakiri\/","name":"Hinnakiri - Esimene veterinaariakliinik ainult Kasslastele.","isPartOf":{"@id":"https:\/\/catclinic.ee\/#website"},"datePublished":"2019-10-03T15:49:35+00:00","dateModified":"2026-02-19T13:53:25+00:00","description":"Hinnakiri - siin on v\u00e4lja toodud k\u00f5ige populaarsemate teenuste hinnad. Huvi korral teiste hindadega saab tutvuda registratuuri telefonil +372 5133504.","breadcrumb":{"@id":"https:\/\/catclinic.ee\/ru\/hinnakiri\/#breadcrumb"},"inLanguage":"ru-RU","potentialAction":[{"@type":"ReadAction","target":["https:\/\/catclinic.ee\/ru\/hinnakiri\/"]}]},{"@type":"BreadcrumbList","@id":"https:\/\/catclinic.ee\/ru\/hinnakiri\/#breadcrumb","itemListElement":[{"@type":"ListItem","position":1,"name":"Home","item":"https:\/\/catclinic.ee\/"},{"@type":"ListItem","position":2,"name":"Hinnakiri"}]},{"@type":"WebSite","@id":"https:\/\/catclinic.ee\/#website","url":"https:\/\/catclinic.ee\/","name":"Loomakliinik Tallinnas","description":"Kassikliinik","potentialAction":[{"@type":"SearchAction","target":{"@type":"EntryPoint","urlTemplate":"https:\/\/catclinic.ee\/?s={search_term_string}"},"query-input":{"@type":"PropertyValueSpecification","valueRequired":true,"valueName":"search_term_string"}}],"inLanguage":"ru-RU"}]}},"jetpack_sharing_enabled":true,"_links":{"self":[{"href":"https:\/\/catclinic.ee\/ru\/wp-json\/wp\/v2\/pages\/297","targetHints":{"allow":["GET"]}}],"collection":[{"href":"https:\/\/catclinic.ee\/ru\/wp-json\/wp\/v2\/pages"}],"about":[{"href":"https:\/\/catclinic.ee\/ru\/wp-json\/wp\/v2\/types\/page"}],"author":[{"embeddable":true,"href":"https:\/\/catclinic.ee\/ru\/wp-json\/wp\/v2\/users\/1"}],"replies":[{"embeddable":true,"href":"https:\/\/catclinic.ee\/ru\/wp-json\/wp\/v2\/comments?post=297"}],"version-history":[{"count":5,"href":"https:\/\/catclinic.ee\/ru\/wp-json\/wp\/v2\/pages\/297\/revisions"}],"predecessor-version":[{"id":540,"href":"https:\/\/catclinic.ee\/ru\/wp-json\/wp\/v2\/pages\/297\/revisions\/540"}],"wp:attachment":[{"href":"https:\/\/catclinic.ee\/ru\/wp-json\/wp\/v2\/media?parent=297"}],"curies":[{"name":"wp","href":"https:\/\/api.w.org\/{rel}","templated":true}]}}